{"id":2,"date":"2024-02-23T19:55:01","date_gmt":"2024-02-23T19:55:01","guid":{"rendered":"https:\/\/riddarsporremassasje.no\/?page_id=2"},"modified":"2024-02-25T21:24:14","modified_gmt":"2024-02-25T21:24:14","slug":"sample-page","status":"publish","type":"page","link":"https:\/\/riddarsporremassasje.no\/","title":{"rendered":"Velkommen til Riddarsporre Massasje og Velv\u00e6re"},"content":{"rendered":"\n<p class=\"has-black-color has-electric-grass-gradient-background has-text-color has-background has-link-color wp-elements-5b5cc89d0ac8a449a5412549245b0db8\"><strong>I hverdagens h\u00f8ye tempo er det viktig \u00e5 kunne unne seg en timeout og kunne koble helt av for en stund. <\/strong><\/p>\n\n\n\n<blockquote class=\"wp-block-quote is-layout-flow wp-block-quote-is-layout-flow\">\n<p class=\"has-black-color has-electric-grass-gradient-background has-text-color has-background has-link-color wp-elements-72ae20a5ba9d3fe8a05b82e918dda2f4\"><strong>Hit kan du komme enten du trenger \u00e5 f\u00e5 l\u00f8se opp spenninger i muskulatur eller rett og slett koble av. Massasje \u00f8ker velv\u00e6re og virker avslappende mot stress.<\/strong> <\/p>\n\n\n\n<p class=\"has-black-color has-electric-grass-gradient-background has-text-color has-background has-link-color wp-elements-7622e39f6535ff8b9a0849e9273fbc7f\"><strong>Du kan velge helkroppsmassasje eller fokus p\u00e5 enkelte omr\u00e5der som rygg og nakke. Eteriske oljer kan tilsettes etter ditt \u00f8nske.<\/strong><\/p>\n\n\n\n<p><\/p>\n\n\n\n<p><\/p>\n<\/blockquote>\n\n\n\n<p><\/p>\n","protected":false},"excerpt":{"rendered":"<p>I hverdagens h\u00f8ye tempo er det viktig \u00e5 kunne unne seg en timeout og kunne koble helt av for en stund. Hit kan du komme enten du trenger \u00e5 f\u00e5 l\u00f8se opp spenninger i muskulatur eller rett og slett koble av. Massasje \u00f8ker velv\u00e6re og virker avslappende mot stress. Du kan velge helkroppsmassasje eller fokus [&hellip;]<\/p>\n","protected":false},"author":1,"featured_media":0,"parent":0,"menu_order":0,"comment_status":"closed","ping_status":"open","template":"","meta":{"footnotes":""},"class_list":["post-2","page","type-page","status-publish","hentry"],"_links":{"self":[{"href":"https:\/\/riddarsporremassasje.no\/index.php?rest_route=\/wp\/v2\/pages\/2","targetHints":{"allow":["GET"]}}],"collection":[{"href":"https:\/\/riddarsporremassasje.no\/index.php?rest_route=\/wp\/v2\/pages"}],"about":[{"href":"https:\/\/riddarsporremassasje.no\/index.php?rest_route=\/wp\/v2\/types\/page"}],"author":[{"embeddable":true,"href":"https:\/\/riddarsporremassasje.no\/index.php?rest_route=\/wp\/v2\/users\/1"}],"replies":[{"embeddable":true,"href":"https:\/\/riddarsporremassasje.no\/index.php?rest_route=%2Fwp%2Fv2%2Fcomments&post=2"}],"version-history":[{"count":3,"href":"https:\/\/riddarsporremassasje.no\/index.php?rest_route=\/wp\/v2\/pages\/2\/revisions"}],"predecessor-version":[{"id":35,"href":"https:\/\/riddarsporremassasje.no\/index.php?rest_route=\/wp\/v2\/pages\/2\/revisions\/35"}],"wp:attachment":[{"href":"https:\/\/riddarsporremassasje.no\/index.php?rest_route=%2Fwp%2Fv2%2Fmedia&parent=2"}],"curies":[{"name":"wp","href":"https:\/\/api.w.org\/{rel}","templated":true}]}}